{"id":28,"date":"2023-04-12T21:05:55","date_gmt":"2023-04-12T21:05:55","guid":{"rendered":"https:\/\/edc.cordemariablanes.cat\/?page_id=28"},"modified":"2023-06-27T09:46:29","modified_gmt":"2023-06-27T09:46:29","slug":"inici","status":"publish","type":"page","link":"https:\/\/edc.cordemariablanes.cat\/","title":{"rendered":"Inici"},"content":{"rendered":"<p>[et_pb_section fb_built=&#8221;1&#8243; _builder_version=&#8221;4.20.4&#8243; _module_preset=&#8221;default&#8221; custom_padding=&#8221;75px||75px||true|false&#8221; global_colors_info=&#8221;{}&#8221;][et_pb_row _builder_version=&#8221;4.20.4&#8243; _module_preset=&#8221;default&#8221; global_colors_info=&#8221;{}&#8221;][et_pb_column type=&#8221;4_4&#8243; _builder_version=&#8221;4.20.4&#8243; _module_preset=&#8221;default&#8221; global_colors_info=&#8221;{}&#8221;][et_pb_text _builder_version=&#8221;4.20.4&#8243; _module_preset=&#8221;default&#8221; global_colors_info=&#8221;{}&#8221;]<\/p>\n<h2 style=\"text-align: center;\"><a name=\"_Toc132044178\"><\/a>Presentaci\u00f3 de la EDC<\/h2>\n<p>[\/et_pb_text][\/et_pb_column][\/et_pb_row][et_pb_row _builder_version=&#8221;4.20.4&#8243; _module_preset=&#8221;default&#8221; global_colors_info=&#8221;{}&#8221;][et_pb_column type=&#8221;4_4&#8243; _builder_version=&#8221;4.20.4&#8243; _module_preset=&#8221;default&#8221; global_colors_info=&#8221;{}&#8221;][et_pb_text _builder_version=&#8221;4.21.0&#8243; _module_preset=&#8221;default&#8221; global_colors_info=&#8221;{}&#8221;]<\/p>\n<h2><span style=\"color: #000000;\">INTRODUCCI\u00d3\u00a0<\/span><\/h2>\n<p><span style=\"color: #000000;\"><\/span><\/p>\n<p><span>L&#8217;escola Cor de Maria Blanes es troba ubicada a la vila de Blanes (La<\/span><span>\u202f<\/span><span>Selva). El municipi de Blanes \u00e9s el primer poble costaner de la prov\u00edncia de Girona, es coneix com el Portal de la Costa Brava. Limita amb els municipis de Lloret de Mar, Palafolls, Malgrat de Mar i Tordera. Actualment, t\u00e9 aproximadament 39.000 habitants amb una extensi\u00f3 de 18,29<\/span><span>\u202f<\/span><span>Km\u00b2.\u00a0<\/span><span>\u00a0<\/span><\/p>\n<p><span>El principal motor econ\u00f2mic de la vila i dels voltants \u00e9s el turisme. La pesca tamb\u00e9 t\u00e9 un pes important. Blanes disposa d&#8217;una zona hotelera, de c\u00e0mpings i comer\u00e7os per atendre la demanda dels visitants. Les zones de cultiu i la ind\u00fastria han anat perdent for\u00e7a. Tot i disposar d&#8217;un pol\u00edgon industrial, aquest es destina en gran part al sector serveis. Estem davant, aleshores, d&#8217;un poble tur\u00edstic, amb una poblaci\u00f3 d&#8217;origen divers dels seus habitants. Aquesta poblaci\u00f3 treballa intensament durant l&#8217;estiu, malgrat que alguns serveis romanen tamb\u00e9 durant l&#8217;hivern. De tot aix\u00f2, el sector escolar se&#8217;n sent: les vacances escolars no coincideixen en absolut amb les familiars. \u00c9s per aix\u00f2 que han proliferat els negocis destinats a acollir infants i joves durant el per\u00edode estival.\u00a0<\/span><span>\u00a0<\/span><\/p>\n<p><span>El centre est\u00e0 situat al ve\u00efnat de Mont-ferrant. El nivell econ\u00f2mic i cultural \u00e9s mitj\u00e0, sense gaire situacions socioecon\u00f2miques desfavorables i amb el catal\u00e0 com a llengua m\u00e9s usada en les relacions quotidianes.<\/span><span>\u00a0<\/span><\/p>\n<p><span>Els nostres alumnes s\u00f3n de classe mitjana, per\u00f2 tamb\u00e9 comptem amb fam\u00edlies de nivell socioecon\u00f2mic m\u00e9s baix procedents d&#8217;altres sectors de la vila. Des de I3 es fa una integraci\u00f3 a l&#8217;aprenentatge del catal\u00e0 com a llengua vehicular d&#8217;ensenyament i de cohesi\u00f3 social. Si es dona el cas que un alumne sigui d&#8217;incorporaci\u00f3 tardana, des de l&#8217;escola se li proporcionen els mitjans escaients, segons els recursos que es disposi i les necessitats que es presentin, per facilitar-li la integraci\u00f3 dels aprenentatges en llengua catalana. Amb les fam\u00edlies utilitzem el catal\u00e0 tant en l&#8217;\u00e0mbit oral com escrit. Si de manera puntual ens trobem amb fam\u00edlies que no dominen cap de les lleng\u00fces del centre, sol\u00b7licitem la mediaci\u00f3 de traductors per aconseguir relacionar-nos i assolir una entesa pel que fa a entrevistes, informes&#8230; No obstant aix\u00f2, es fa una acollida de les fam\u00edlies nouvingudes amb la llengua que els sigui m\u00e9s f\u00e0cil fer-se entendre dins les lleng\u00fces de l&#8217;escola; de manera gradual es fa la introducci\u00f3 a la llengua catalana.\u00a0<\/span><span>\u00a0<\/span><\/p>\n<p><span>La nostra poblaci\u00f3 disposa de sis escoles bressol: tres municipals i tres privades. Pel que fa a escoles d&#8217;Educaci\u00f3 Infantil i Prim\u00e0ria, consta de set centres p\u00fablics i dos concertats (aquests darrers tamb\u00e9 ofereixen l&#8217;ESO). Disposa tamb\u00e9 de tres instituts de Secund\u00e0ria, Batxillerat i FP.<\/span><span>\u00a0<\/span><\/p>\n<p><span>Entenem l&#8217;aprenentatge com un progr\u00e9s individual de l&#8217;alumne, que s&#8217;origina en les capacitats de cadasc\u00fa i promou l&#8217;assoliment de noves compet\u00e8ncies, entre d\u2019elles, la compet\u00e8ncia digital. L&#8217;ensenyament ser\u00e0 significatiu i interdisciplinari, considerant sempre els coneixements previs i el ritme personal de progr\u00e9s.\u00a0<\/span><span>\u00a0<\/span><\/p>\n<p><span>La nostra fita \u00e9s que el nostre alumnat, en finalitzar Secund\u00e0ria, hagi sistematitzat raonablement la responsabilitat, la cultura de l&#8217;esfor\u00e7, el respecte i la capacitat cr\u00edtica i d&#8217;an\u00e0lisi. Volem que l&#8217;alumnat sigui feli\u00e7, gaudint del proc\u00e9s d&#8217;aprenentatge i que surti del centre ben preparat per a cursar estudis postobligatoris i per a la vida en general. Per tant, que tingui uns bons resultats educatius.<\/span><span>\u00a0<\/span><\/p>\n<p><span>Per aquest motiu i, per tal d&#8217;adaptar-nos al context i respondre a les necessitats de la societat actual, cal que els nostres alumnes, acompanyats de tots els membres de la nostra comunitat educativa, adquireixin les destreses i habilitats pr\u00f2pies de la compet\u00e8ncia digital per tal que es puguin desenvolupar plenament i amb garanties d&#8217;\u00e8xit al llarg del seu futur tant personal com laboral.<\/span><\/p>\n<p>[\/et_pb_text][\/et_pb_column][\/et_pb_row][et_pb_row module_id=&#8221;diagnosi&#8221; _builder_version=&#8221;4.21.0&#8243; _module_preset=&#8221;default&#8221; custom_padding=&#8221;100px||||false|false&#8221; global_colors_info=&#8221;{}&#8221;][et_pb_column type=&#8221;4_4&#8243; _builder_version=&#8221;4.21.0&#8243; _module_preset=&#8221;default&#8221; global_colors_info=&#8221;{}&#8221;][et_pb_text module_id=&#8221;diagnosi&#8221; _builder_version=&#8221;4.21.0&#8243; _module_preset=&#8221;default&#8221; global_colors_info=&#8221;{}&#8221;]<\/p>\n<h2><span style=\"color: #000000;\">DIAGNOSI<\/span><\/h2>\n<p>[\/et_pb_text][et_pb_text _builder_version=&#8221;4.21.0&#8243; _module_preset=&#8221;default&#8221; global_colors_info=&#8221;{}&#8221;]<\/p>\n<p>L\u2019informe de centre SELFIE aplega les opinions de l\u2019equip directiu, el professorat i l\u2019alumnat i les compara.<\/p>\n<p>La informaci\u00f3 recollida a SELFIE ofereix al centre una instant\u00e0nia de quin punt es troba actualment en relaci\u00f3 amb l\u2019estrat\u00e8gia i la pr\u00e0ctica en l\u2019\u00fas de les tecnologies digitals d\u2019ensenyament i aprenentatge.<\/p>\n<p>Els resultats de la SELFIE serveix de base per identificar i analitzar les fortaleses i les debilitats i crear un pla escolar en relaci\u00f3 amb l\u2019\u00fas de les tecnologies digitals per donar suport a l\u2019aprenentatge.<\/p>\n<p>[\/et_pb_text][\/et_pb_column][\/et_pb_row][et_pb_row column_structure=&#8221;1_2,1_2&#8243; _builder_version=&#8221;4.21.0&#8243; _module_preset=&#8221;default&#8221; global_colors_info=&#8221;{}&#8221;][et_pb_column type=&#8221;1_2&#8243; _builder_version=&#8221;4.21.0&#8243; _module_preset=&#8221;default&#8221; global_colors_info=&#8221;{}&#8221;][et_pb_text _builder_version=&#8221;4.21.0&#8243; _module_preset=&#8221;default&#8221; global_colors_info=&#8221;{}&#8221;]<\/p>\n<p style=\"text-align: center;\">A infantil i prim\u00e0ria<\/p>\n<p>[\/et_pb_text][et_pb_image src=&#8221;https:\/\/edc.cordemariablanes.cat\/wp-content\/uploads\/2023\/06\/Daignosi-InfantilPrimaria.png&#8221; title_text=&#8221;Daignosi-InfantilPrimaria&#8221; _builder_version=&#8221;4.21.0&#8243; _module_preset=&#8221;default&#8221; global_colors_info=&#8221;{}&#8221;][\/et_pb_image][\/et_pb_column][et_pb_column type=&#8221;1_2&#8243; _builder_version=&#8221;4.21.0&#8243; _module_preset=&#8221;default&#8221; global_colors_info=&#8221;{}&#8221;][et_pb_text _builder_version=&#8221;4.21.0&#8243; _module_preset=&#8221;default&#8221; global_colors_info=&#8221;{}&#8221;]<\/p>\n<p style=\"text-align: center;\">A Secund\u00e0ria<\/p>\n<p>[\/et_pb_text][et_pb_image src=&#8221;https:\/\/edc.cordemariablanes.cat\/wp-content\/uploads\/2023\/06\/Diagnosi-Secundaria.png&#8221; title_text=&#8221;Diagnosi-Secundaria&#8221; _builder_version=&#8221;4.21.0&#8243; _module_preset=&#8221;default&#8221; global_colors_info=&#8221;{}&#8221;][\/et_pb_image][\/et_pb_column][\/et_pb_row][et_pb_row module_id=&#8221;enquestes&#8221; _builder_version=&#8221;4.21.0&#8243; _module_preset=&#8221;default&#8221; custom_padding=&#8221;100px||||false|false&#8221; global_colors_info=&#8221;{}&#8221;][et_pb_column type=&#8221;4_4&#8243; _builder_version=&#8221;4.21.0&#8243; _module_preset=&#8221;default&#8221; global_colors_info=&#8221;{}&#8221;][et_pb_text _builder_version=&#8221;4.21.0&#8243; _module_preset=&#8221;default&#8221; text_font=&#8221;|||on|||||&#8221; global_colors_info=&#8221;{}&#8221;]<\/p>\n<h2>Enquestes a les fam\u00edlies<\/h2>\n<p>[\/et_pb_text][et_pb_image src=&#8221;https:\/\/edc.cordemariablanes.cat\/wp-content\/uploads\/2023\/06\/EnquestaFamilia1.png&#8221; title_text=&#8221;EnquestaFamilia1&#8243; _builder_version=&#8221;4.21.0&#8243; _module_preset=&#8221;default&#8221; width=&#8221;80%&#8221; module_alignment=&#8221;center&#8221; global_colors_info=&#8221;{}&#8221;][\/et_pb_image][et_pb_image src=&#8221;https:\/\/edc.cordemariablanes.cat\/wp-content\/uploads\/2023\/06\/EnquestaFamilia2.png&#8221; title_text=&#8221;EnquestaFamilia2&#8243; _builder_version=&#8221;4.21.0&#8243; _module_preset=&#8221;default&#8221; width=&#8221;80%&#8221; module_alignment=&#8221;center&#8221; global_colors_info=&#8221;{}&#8221;][\/et_pb_image][et_pb_image src=&#8221;https:\/\/edc.cordemariablanes.cat\/wp-content\/uploads\/2023\/06\/EnquestaFamilia3.png&#8221; title_text=&#8221;EnquestaFamilia3&#8243; align=&#8221;center&#8221; _builder_version=&#8221;4.21.0&#8243; _module_preset=&#8221;default&#8221; width=&#8221;80%&#8221; global_colors_info=&#8221;{}&#8221;][\/et_pb_image][et_pb_image src=&#8221;https:\/\/edc.cordemariablanes.cat\/wp-content\/uploads\/2023\/06\/EnquestaFamilia4.png&#8221; title_text=&#8221;EnquestaFamilia4&#8243; align=&#8221;center&#8221; _builder_version=&#8221;4.21.0&#8243; _module_preset=&#8221;default&#8221; width=&#8221;80%&#8221; global_colors_info=&#8221;{}&#8221;][\/et_pb_image][et_pb_image src=&#8221;https:\/\/edc.cordemariablanes.cat\/wp-content\/uploads\/2023\/06\/EnquestaFamilia5.png&#8221; title_text=&#8221;EnquestaFamilia5&#8243; align=&#8221;center&#8221; _builder_version=&#8221;4.21.0&#8243; _module_preset=&#8221;default&#8221; width=&#8221;80%&#8221; global_colors_info=&#8221;{}&#8221;][\/et_pb_image][et_pb_image src=&#8221;https:\/\/edc.cordemariablanes.cat\/wp-content\/uploads\/2023\/06\/EnquestaFamilia6.png&#8221; title_text=&#8221;EnquestaFamilia6&#8243; align=&#8221;center&#8221; _builder_version=&#8221;4.21.0&#8243; _module_preset=&#8221;default&#8221; width=&#8221;80%&#8221; global_colors_info=&#8221;{}&#8221;][\/et_pb_image][et_pb_image src=&#8221;https:\/\/edc.cordemariablanes.cat\/wp-content\/uploads\/2023\/06\/EnquestaFamilia7.png&#8221; title_text=&#8221;EnquestaFamilia7&#8243; align=&#8221;center&#8221; _builder_version=&#8221;4.21.0&#8243; _module_preset=&#8221;default&#8221; width=&#8221;80%&#8221; global_colors_info=&#8221;{}&#8221;][\/et_pb_image][et_pb_text _builder_version=&#8221;4.21.0&#8243; _module_preset=&#8221;default&#8221; global_colors_info=&#8221;{}&#8221;]<\/p>\n<p>A partir dels resultats obtinguts a l\u2019eina SELFIE i les enquestes ens permet identificar i analitzar les fortaleses i debilitats i crear un pla en relaci\u00f3 a l\u2019\u00fas de les tecnologies digitals per donar suport a l\u2019aprenentatge.<\/p>\n<p>[\/et_pb_text][\/et_pb_column][\/et_pb_row][et_pb_row module_id=&#8221;debilitats&#8221; _builder_version=&#8221;4.21.0&#8243; _module_preset=&#8221;default&#8221; custom_padding=&#8221;100px||||false|false&#8221; global_colors_info=&#8221;{}&#8221;][et_pb_column type=&#8221;4_4&#8243; _builder_version=&#8221;4.21.0&#8243; _module_preset=&#8221;default&#8221; global_colors_info=&#8221;{}&#8221;][et_pb_text _builder_version=&#8221;4.21.0&#8243; _module_preset=&#8221;default&#8221; text_font=&#8221;|||on|||||&#8221; global_colors_info=&#8221;{}&#8221;]<\/p>\n<h2>Debilitats<\/h2>\n<p>[\/et_pb_text][et_pb_text _builder_version=&#8221;4.21.0&#8243; _module_preset=&#8221;default&#8221; text_font=&#8221;||||||||&#8221; global_colors_info=&#8221;{}&#8221;]<\/p>\n<p>Tot i que hi ha\u00a0 suficients dispositius digitals per facilitar l\u2019aprenentatge, cal un pla de renovaci\u00f3 i millora de dispositius.<\/p>\n<p>Poca reflexi\u00f3 i intercanvi d\u2019experi\u00e8ncies i bones pr\u00e0ctiques en l\u2019\u00fas de les tecnologies a l\u2019aula.<\/p>\n<p>Manca de formaci\u00f3 digital del claustre.<\/p>\n<p>Poca utilitzaci\u00f3 de les eines digitals per fomentar el feedback, la coavaluaci\u00f3\u00a0 i la reflexi\u00f3 de l\u2019aprenentatge.<\/p>\n<p>Poca creaci\u00f3 de contingut digital propi.<\/p>\n<p>Tenir un pla d\u2019acollida digital per a docents, fam\u00edlies i alumnes.<\/p>\n<p>[\/et_pb_text][\/et_pb_column][\/et_pb_row][et_pb_row module_id=&#8221;amenaces&#8221; _builder_version=&#8221;4.21.0&#8243; _module_preset=&#8221;default&#8221; custom_padding=&#8221;100px||||false|false&#8221; global_colors_info=&#8221;{}&#8221;][et_pb_column type=&#8221;4_4&#8243; _builder_version=&#8221;4.21.0&#8243; _module_preset=&#8221;default&#8221; global_colors_info=&#8221;{}&#8221;][et_pb_text _builder_version=&#8221;4.21.0&#8243; _module_preset=&#8221;default&#8221; text_font=&#8221;|||on|||||&#8221; global_colors_info=&#8221;{}&#8221;]<\/p>\n<h2>Amenaces<\/h2>\n<p>[\/et_pb_text][et_pb_text _builder_version=&#8221;4.21.0&#8243; _module_preset=&#8221;default&#8221; text_font=&#8221;||||||||&#8221; global_colors_info=&#8221;{}&#8221;]<\/p>\n<p>Despr\u00e9s de la formaci\u00f3 FIC, cal continuar la reflexi\u00f3 pedag\u00f2gica en mat\u00e8ria digital.<\/p>\n<p>Percentatge d\u2019alumnes amb necessitats educatives espec\u00edfiques derivades de situacions econ\u00f2miques desfavorides en al\u00e7a.<\/p>\n<p>Desconeixement de seguretat a les xarxes per part de les fam\u00edlies i comunicat educativa.<\/p>\n<p>[\/et_pb_text][\/et_pb_column][\/et_pb_row][et_pb_row module_id=&#8221;fortaleses&#8221; _builder_version=&#8221;4.21.0&#8243; _module_preset=&#8221;default&#8221; custom_padding=&#8221;100px||||false|false&#8221; global_colors_info=&#8221;{}&#8221;][et_pb_column type=&#8221;4_4&#8243; _builder_version=&#8221;4.21.0&#8243; _module_preset=&#8221;default&#8221; global_colors_info=&#8221;{}&#8221;][et_pb_text _builder_version=&#8221;4.21.0&#8243; _module_preset=&#8221;default&#8221; text_font=&#8221;|||on|||||&#8221; global_colors_info=&#8221;{}&#8221;]<\/p>\n<h2>Fortaleses<\/h2>\n<p>[\/et_pb_text][et_pb_text module_id=&#8221;fortaleses&#8221; _builder_version=&#8221;4.21.0&#8243; _module_preset=&#8221;default&#8221; text_font=&#8221;||||||||&#8221; global_colors_info=&#8221;{}&#8221;]<\/p>\n<p>Una bona infraestructura amb dispositius digitals a cada aula (ordinador+pantalla, PDI i panells t\u00e0ctils).\u00a0<\/p>\n<p>El professorat fa \u00fas d\u2019activitats digitals per motivar l\u2019alumnat i fomentar la creativitat i la col\u00b7laboraci\u00f3 entre l\u2019alumnat.<\/p>\n<p>Facilitat en comunicaci\u00f3 digital (videoconfer\u00e8ncies, xats amb Teams, xarxes socials\u2026)<\/p>\n<p>Tecnologia digital com a eina de comunicaci\u00f3, recollint el seu \u00fas a la documentaci\u00f3 interna de centre.<\/p>\n<p>Tenir la web clara, entenedora i amb tota la documentaci\u00f3 de centre a disposici\u00f3.<\/p>\n<p>[\/et_pb_text][\/et_pb_column][\/et_pb_row][et_pb_row module_id=&#8221;oportunitats&#8221; _builder_version=&#8221;4.21.0&#8243; _module_preset=&#8221;default&#8221; custom_padding=&#8221;100px||||false|false&#8221; global_colors_info=&#8221;{}&#8221;][et_pb_column type=&#8221;4_4&#8243; _builder_version=&#8221;4.21.0&#8243; _module_preset=&#8221;default&#8221; global_colors_info=&#8221;{}&#8221;][et_pb_text _builder_version=&#8221;4.21.0&#8243; _module_preset=&#8221;default&#8221; text_font=&#8221;|||on|||||&#8221; global_colors_info=&#8221;{}&#8221;]<\/p>\n<h2>Oportunitats<\/h2>\n<p>[\/et_pb_text][et_pb_text module_id=&#8221;fortaleses&#8221; _builder_version=&#8221;4.21.0&#8243; _module_preset=&#8221;default&#8221; text_font=&#8221;||||||||&#8221; global_colors_info=&#8221;{}&#8221;]<\/p>\n<p>Una bona infraestructura amb dispositius digitals a cada aula (ordinador+pantalla, PDI i panells t\u00e0ctils).\u00a0<\/p>\n<p>El professorat fa \u00fas d\u2019activitats digitals per motivar l\u2019alumnat i fomentar la creativitat i la col\u00b7laboraci\u00f3 entre l\u2019alumnat.<\/p>\n<p>Facilitat en comunicaci\u00f3 digital (videoconfer\u00e8ncies, xats amb Teams, xarxes socials\u2026)<\/p>\n<p>Tecnologia digital com a eina de comunicaci\u00f3, recollint el seu \u00fas a la documentaci\u00f3 interna de centre.<\/p>\n<p>Tenir la web clara, entenedora i amb tota la documentaci\u00f3 de centre a disposici\u00f3.<\/p>\n<p>[\/et_pb_text][\/et_pb_column][\/et_pb_row][et_pb_row module_id=&#8221;objectius&#8221; _builder_version=&#8221;4.21.0&#8243; _module_preset=&#8221;default&#8221; custom_padding=&#8221;100px||||false|false&#8221; global_colors_info=&#8221;{}&#8221;][et_pb_column type=&#8221;4_4&#8243; _builder_version=&#8221;4.21.0&#8243; _module_preset=&#8221;default&#8221; global_colors_info=&#8221;{}&#8221;][et_pb_text _builder_version=&#8221;4.21.0&#8243; _module_preset=&#8221;default&#8221; text_font=&#8221;|||on|||||&#8221; global_colors_info=&#8221;{}&#8221;]<\/p>\n<h2>Objectius<\/h2>\n<p>[\/et_pb_text][et_pb_text module_id=&#8221;fortaleses&#8221; _builder_version=&#8221;4.21.0&#8243; _module_preset=&#8221;default&#8221; text_font=&#8221;||||||||&#8221; global_colors_info=&#8221;{}&#8221;]<\/p>\n<p>Una vegada analitzada la diagnosi concretem els nostres objectius per tal de seguir desenvolupant la compet\u00e8ncia digital del centre, els alumnes i el professorat.<\/p>\n<p>Aquests objectius formaran part del PEC dins l\u2019apartat que reflecteix la visi\u00f3 d\u2019escola pel que fa a l\u2019\u00e0mbit digital.<\/p>\n<p>La selecci\u00f3 dels 5 objectius sorgeix d\u2019una prioritzaci\u00f3 en quant a les necessitats de l\u2019escola.<\/p>\n<p>Aquests objectius impliquen diverses estrat\u00e8gies i actuacions que s\u2019aniran desenvolupant al llarg de tres anys. La temporitzaci\u00f3 d\u2019aquests s\u2019ha fet seguint diversos criteris com ara les necessitats, els recursos disponibles, el grau de maduresa digital, etc.<\/p>\n<p>L\u2019assoliment dels objectius tindr\u00e0 associat una s\u00e8rie d\u2019indicadors per tal de poder mesurar el grau d\u2019aplicaci\u00f3, qualitat de l\u2019execuci\u00f3 i el grau d\u2019impacte tenint en compte el criteri d\u2019acompliment de cadascun dels indicadors.<\/p>\n<p>&nbsp;<\/p>\n<ul>\n<li style=\"list-style-type: none;\">\n<ul>\n<li style=\"list-style-type: none;\">\n<ul>\n<li style=\"list-style-type: none;\">\n<ul>\n<li style=\"list-style-type: none;\">\n<ul>\n<li><span> <\/span><span>Elaborar estrat\u00e8gia digital de centre<\/span> <span>+ Elaborar Pla Acollida Digital <\/span><\/li>\n<li><span>Utilitzaci\u00f3 de les eines digitals per recollir les evid\u00e8ncies de l\u2019avaluaci\u00f3.<\/span><span><\/span><\/li>\n<li><span> <\/span><span>Desenvolupament professional continu del professorat (infantil, prim\u00e0ria i secund\u00e0ria).<\/span><span><\/span><\/li>\n<li>Disposar dels aparells tecnol\u00f2gics adaptats a les necessitats de les escoles<\/li>\n<li>Seq\u00fcenciaci\u00f3 de continguts digitals per millorar la compet\u00e8ncia digital de l\u2019alumne.<\/li>\n<\/ul>\n<\/li>\n<\/ul>\n<\/li>\n<\/ul>\n<\/li>\n<\/ul>\n<\/li>\n<\/ul>\n<p>&nbsp;<\/p>\n<p>[\/et_pb_text][\/et_pb_column][\/et_pb_row][et_pb_row module_id=&#8221;planificacio&#8221; _builder_version=&#8221;4.21.0&#8243; _module_preset=&#8221;default&#8221; custom_padding=&#8221;100px||||false|false&#8221; global_colors_info=&#8221;{}&#8221;][et_pb_column type=&#8221;4_4&#8243; _builder_version=&#8221;4.21.0&#8243; _module_preset=&#8221;default&#8221; global_colors_info=&#8221;{}&#8221;][et_pb_text _builder_version=&#8221;4.21.0&#8243; _module_preset=&#8221;default&#8221; text_font=&#8221;|||on|||||&#8221; global_colors_info=&#8221;{}&#8221;]<\/p>\n<h2>Planificaci\u00f3<\/h2>\n<p>[\/et_pb_text][et_pb_text module_id=&#8221;fortaleses&#8221; _builder_version=&#8221;4.21.0&#8243; _module_preset=&#8221;default&#8221; text_font=&#8221;||||||||&#8221; global_colors_info=&#8221;{}&#8221;]<\/p>\n<p>Entenem per planificaci\u00f3 l\u2019organitzaci\u00f3 i seguiment d\u2019aquelles actuacions destinades a assolir els objectius que hem determinat. La planificaci\u00f3 \u00e9s una tasca necess\u00e0ria per aconseguir avan\u00e7ar cap als objectius que ens hem marcat i que es pot dur a terme dins la Comissi\u00f3 d\u2019Estrat\u00e8gia Digital de Centre.<\/p>\n<p>Per cada objectiu, hem dissenyat activitats que permetin el seu assoliment. Igual que passava amb la selecci\u00f3 d\u2019objectius, cal ser realista a l\u2019hora de determinar les activitats que es realitzaran i cal prioritzar aquelles que m\u00e9s poden apropar-nos a l\u2019objectiu.<\/p>\n<p>Un cop dissenyades les activitats, cal planificar el seu desenvolupament. Per cada activitat, hem determinat:<\/p>\n<p>Recursos necessaris pel que fa a infraestructures, maquinari, recursos humans i temporals (reunions, hores destinades a organitzar i implementar les actuacions, etc.)<\/p>\n<p>Distribuci\u00f3 de responsabilitats.<\/p>\n<p>Temporitzaci\u00f3.<\/p>\n<p>[\/et_pb_text][\/et_pb_column][\/et_pb_row][et_pb_row module_id=&#8221;activitats&#8221; _builder_version=&#8221;4.21.0&#8243; _module_preset=&#8221;default&#8221; custom_padding=&#8221;100px||||false|false&#8221; hover_enabled=&#8221;0&#8243; global_colors_info=&#8221;{}&#8221; sticky_enabled=&#8221;0&#8243;][et_pb_column type=&#8221;4_4&#8243; _builder_version=&#8221;4.21.0&#8243; _module_preset=&#8221;default&#8221; global_colors_info=&#8221;{}&#8221;][et_pb_text _builder_version=&#8221;4.21.0&#8243; _module_preset=&#8221;default&#8221; text_font=&#8221;|||on|||||&#8221; hover_enabled=&#8221;0&#8243; global_colors_info=&#8221;{}&#8221; sticky_enabled=&#8221;0&#8243;]<\/p>\n<h2>Activitats<\/h2>\n<p>[\/et_pb_text][et_pb_code _builder_version=&#8221;4.21.0&#8243; _module_preset=&#8221;default&#8221; text_orientation=&#8221;center&#8221; hover_enabled=&#8221;0&#8243; global_colors_info=&#8221;{}&#8221; sticky_enabled=&#8221;0&#8243;]<a href=\"https:\/\/edc.cordemariablanes.cat\/wp-content\/uploads\/2023\/06\/Activitats.pdf\" class=\"pdfemb-viewer\" style=\"\" data-width=\"max\" data-height=\"max\" data-toolbar=\"bottom\" data-toolbar-fixed=\"off\">Activitats<\/a>[\/et_pb_code][\/et_pb_column][\/et_pb_row][et_pb_row module_id=&#8221;avaluacio&#8221; _builder_version=&#8221;4.21.0&#8243; _module_preset=&#8221;default&#8221; custom_padding=&#8221;100px||||false|false&#8221; hover_enabled=&#8221;0&#8243; global_colors_info=&#8221;{}&#8221; sticky_enabled=&#8221;0&#8243;][et_pb_column type=&#8221;4_4&#8243; _builder_version=&#8221;4.21.0&#8243; _module_preset=&#8221;default&#8221; global_colors_info=&#8221;{}&#8221;][et_pb_text _builder_version=&#8221;4.21.0&#8243; _module_preset=&#8221;default&#8221; text_font=&#8221;|||on|||||&#8221; hover_enabled=&#8221;0&#8243; global_colors_info=&#8221;{}&#8221; sticky_enabled=&#8221;0&#8243; module_id=&#8221;avaluacio&#8221;]<\/p>\n<h2>Avaluaci\u00f3<\/h2>\n<p>[\/et_pb_text][et_pb_text _builder_version=&#8221;4.21.0&#8243; _module_preset=&#8221;default&#8221; hover_enabled=&#8221;0&#8243; sticky_enabled=&#8221;0&#8243;]<\/p>\n<p>Al finalitzar cada curs escolar es valorar\u00e0\u00a0 la realitzaci\u00f3 de les activitats planificades per al curs que finalitza i l&#8217;assoliment dels objectius.<\/p>\n<p>Amb aquesta valoraci\u00f3 es posar\u00e0 valor a l&#8217;indicador i se&#8217;n comprovar\u00e0 l&#8217;assoliment. L&#8217;an\u00e0lisi posterior anir\u00e0 orientat a valorar\u00a0 si l&#8217;objectiu ha estat assolit:<\/p>\n<p>&nbsp;<\/p>\n<ol>\n<li>Si ho ha estat, es valorar\u00e0 com consolidar-lo<\/li>\n<li>Si no ho ha estat, s&#8217;establiran les mesures per corregir-ho o millorar-ho\n<ol>\n<li>Modificant els activitats<\/li>\n<li>Modificant les temporitzacions<\/li>\n<li>Modificant el propi objectiu si les circumst\u00e0ncies han canviat o aix\u00ed es marca<\/li>\n<\/ol>\n<\/li>\n<\/ol>\n<p>[\/et_pb_text][et_pb_code _builder_version=&#8221;4.21.0&#8243; _module_preset=&#8221;default&#8221; text_orientation=&#8221;center&#8221; hover_enabled=&#8221;0&#8243; global_colors_info=&#8221;{}&#8221; sticky_enabled=&#8221;0&#8243;]<a href=\"https:\/\/edc.cordemariablanes.cat\/wp-content\/uploads\/2023\/06\/Avaluacio-Blanes-EDC-v1.pdf\" class=\"pdfemb-viewer\" style=\"\" data-width=\"max\" data-height=\"max\" data-toolbar=\"bottom\" data-toolbar-fixed=\"off\">Avaluacio-Blanes-EDC-v1<\/a>[\/et_pb_code][\/et_pb_column][\/et_pb_row][\/et_pb_section]<\/p>\n","protected":false},"excerpt":{"rendered":"<p>Presentaci\u00f3 de la EDCINTRODUCCI\u00d3\u00a0 L&#8217;escola Cor de Maria Blanes es troba ubicada a la vila de Blanes (La\u202fSelva). El municipi de Blanes \u00e9s el primer poble costaner de la prov\u00edncia de Girona, es coneix com el Portal de la Costa Brava. Limita amb els municipis de Lloret de Mar, Palafolls, Malgrat de Mar i Tordera. [&hellip;]<\/p>\n","protected":false},"author":1,"featured_media":0,"parent":0,"menu_order":0,"comment_status":"closed","ping_status":"closed","template":"","meta":{"_et_pb_use_builder":"on","_et_pb_old_content":"","_et_gb_content_width":"","footnotes":""},"class_list":["post-28","page","type-page","status-publish","hentry"],"_links":{"self":[{"href":"https:\/\/edc.cordemariablanes.cat\/index.php?rest_route=\/wp\/v2\/pages\/28","targetHints":{"allow":["GET"]}}],"collection":[{"href":"https:\/\/edc.cordemariablanes.cat\/index.php?rest_route=\/wp\/v2\/pages"}],"about":[{"href":"https:\/\/edc.cordemariablanes.cat\/index.php?rest_route=\/wp\/v2\/types\/page"}],"author":[{"embeddable":true,"href":"https:\/\/edc.cordemariablanes.cat\/index.php?rest_route=\/wp\/v2\/users\/1"}],"replies":[{"embeddable":true,"href":"https:\/\/edc.cordemariablanes.cat\/index.php?rest_route=%2Fwp%2Fv2%2Fcomments&post=28"}],"version-history":[{"count":54,"href":"https:\/\/edc.cordemariablanes.cat\/index.php?rest_route=\/wp\/v2\/pages\/28\/revisions"}],"predecessor-version":[{"id":426,"href":"https:\/\/edc.cordemariablanes.cat\/index.php?rest_route=\/wp\/v2\/pages\/28\/revisions\/426"}],"wp:attachment":[{"href":"https:\/\/edc.cordemariablanes.cat\/index.php?rest_route=%2Fwp%2Fv2%2Fmedia&parent=28"}],"curies":[{"name":"wp","href":"https:\/\/api.w.org\/{rel}","templated":true}]}}